{"id":2620,"date":"2021-07-02T09:48:31","date_gmt":"2021-07-02T09:48:31","guid":{"rendered":"https:\/\/albergosancarlo.com\/demande-un-devis\/"},"modified":"2023-01-19T22:50:15","modified_gmt":"2023-01-19T22:50:15","slug":"demande-un-devis","status":"publish","type":"page","link":"https:\/\/albergosancarlo.com\/fr\/demande-un-devis\/","title":{"rendered":"Demande un devis"},"content":{"rendered":"\t\t<div data-elementor-type=\"wp-page\" data-elementor-id=\"2620\" class=\"elementor elementor-2620 elementor-1846\">\n\t\t\t\t\t\t<section class=\"elementor-section elementor-top-section elementor-element elementor-element-6dfbe71 elementor-section-boxed elementor-section-height-default elementor-section-height-default\" data-id=\"6dfbe71\" data-element_type=\"section\" data-settings=\"{&quot;hoteller_ext_is_background_parallax&quot;:&quot;false&quot;,&quot;hoteller_ext_is_background_backdrop&quot;:&quot;false&quot;,&quot;hoteller_ext_is_background_on_scroll&quot;:&quot;false&quot;}\">\n\t\t\t\t\t\t<div class=\"elementor-container elementor-column-gap-default\">\n\t\t\t\t\t<div class=\"elementor-column elementor-col-100 elementor-top-column elementor-element elementor-element-4ad0eb38\" data-id=\"4ad0eb38\" data-element_type=\"column\" data-settings=\"{&quot;hoteller_ext_link_sidemenu&quot;:&quot;false&quot;,&quot;hoteller_ext_link_fullmenu&quot;:&quot;false&quot;,&quot;hoteller_ext_link_closed_fullmenu&quot;:&quot;false&quot;,&quot;hoteller_ext_is_scrollme&quot;:&quot;false&quot;,&quot;hoteller_ext_is_smoove&quot;:&quot;false&quot;,&quot;hoteller_ext_is_parallax_mouse&quot;:&quot;false&quot;,&quot;hoteller_ext_is_infinite&quot;:&quot;false&quot;,&quot;hoteller_ext_is_fadeout_animation&quot;:&quot;false&quot;,&quot;hoteller_ext_mobile_static&quot;:&quot;false&quot;}\">\n\t\t\t<div class=\"elementor-widget-wrap elementor-element-populated\">\n\t\t\t\t\t\t<div class=\"elementor-element elementor-element-09c2c94 elementor-widget elementor-widget-heading\" data-id=\"09c2c94\" data-element_type=\"widget\" data-settings=\"{&quot;hoteller_ext_link_sidemenu&quot;:&quot;false&quot;,&quot;hoteller_ext_link_fullmenu&quot;:&quot;false&quot;,&quot;hoteller_ext_link_closed_fullmenu&quot;:&quot;false&quot;,&quot;hoteller_ext_is_scrollme&quot;:&quot;false&quot;,&quot;hoteller_ext_is_smoove&quot;:&quot;false&quot;,&quot;hoteller_ext_is_parallax_mouse&quot;:&quot;false&quot;,&quot;hoteller_ext_is_infinite&quot;:&quot;false&quot;,&quot;hoteller_ext_is_fadeout_animation&quot;:&quot;false&quot;,&quot;hoteller_ext_mobile_static&quot;:&quot;false&quot;}\" data-widget_type=\"heading.default\">\n\t\t\t\t<div class=\"elementor-widget-container\">\n\t\t\t<h2 class=\"elementor-heading-title elementor-size-default\">\u00c9crivez-nous et nous vous r\u00e9pondrons dans les plus brefs d\u00e9lais.<\/h2>\t\t<\/div>\n\t\t\t\t<\/div>\n\t\t\t\t<div class=\"elementor-element elementor-element-59621e73 elementor-widget elementor-widget-text-editor\" data-id=\"59621e73\" data-element_type=\"widget\" data-settings=\"{&quot;hoteller_ext_link_sidemenu&quot;:&quot;false&quot;,&quot;hoteller_ext_link_fullmenu&quot;:&quot;false&quot;,&quot;hoteller_ext_link_closed_fullmenu&quot;:&quot;false&quot;,&quot;hoteller_ext_is_scrollme&quot;:&quot;false&quot;,&quot;hoteller_ext_is_smoove&quot;:&quot;false&quot;,&quot;hoteller_ext_is_parallax_mouse&quot;:&quot;false&quot;,&quot;hoteller_ext_is_infinite&quot;:&quot;false&quot;,&quot;hoteller_ext_is_fadeout_animation&quot;:&quot;false&quot;,&quot;hoteller_ext_mobile_static&quot;:&quot;false&quot;}\" data-widget_type=\"text-editor.default\">\n\t\t\t\t<div class=\"elementor-widget-container\">\n\t\t\t\t\t\t\t\n<div class=\"wp-block-contact-form-7-contact-form-selector\">\n<div class=\"wpcf7 no-js\" id=\"wpcf7-f2624-o1\" lang=\"it-IT\" dir=\"ltr\" data-wpcf7-id=\"2624\">\n<div class=\"screen-reader-response\"><p role=\"status\" aria-live=\"polite\" aria-atomic=\"true\"><\/p> <ul><\/ul><\/div>\n<form action=\"\/fr\/wp-json\/wp\/v2\/pages\/2620#wpcf7-f2624-o1\" method=\"post\" class=\"wpcf7-form init cf7skins cf7s-cargo\" aria-label=\"Modulo di contatto\" novalidate=\"novalidate\" data-status=\"init\">\n<fieldset class=\"hidden-fields-container\"><input type=\"hidden\" name=\"_wpcf7\" value=\"2624\" \/><input type=\"hidden\" name=\"_wpcf7_version\" value=\"6.1.5\" \/><input type=\"hidden\" name=\"_wpcf7_locale\" value=\"it_IT\" \/><input type=\"hidden\" name=\"_wpcf7_unit_tag\" value=\"wpcf7-f2624-o1\" \/><input type=\"hidden\" name=\"_wpcf7_container_post\" value=\"0\" \/><input type=\"hidden\" name=\"_wpcf7_posted_data_hash\" value=\"\" \/><input type=\"hidden\" name=\"nlang\" value=\"fr\" \/><input type=\"hidden\" name=\"_wpcf7_recaptcha_response\" value=\"\" \/>\n<\/fieldset>\n<ol>\n\t<li><label for=''>Ton pr\u00e9nom <em class=\"cf7s-reqd\">*<\/em> <\/label><span class=\"wpcf7-form-control-wrap\" data-name=\"prnom\"><input size=\"40\" maxlength=\"400\" class=\"wpcf7-form-control wpcf7-text wpcf7-validates-as-required\" aria-required=\"true\" aria-invalid=\"false\" value=\"\" type=\"text\" name=\"prnom\" \/><\/span><\/li>\n\t<li><label for=''>Ton nom <em class=\"cf7s-reqd\">*<\/em> <\/label><span class=\"wpcf7-form-control-wrap\" data-name=\"nom\"><input size=\"40\" maxlength=\"400\" class=\"wpcf7-form-control wpcf7-text wpcf7-validates-as-required\" aria-required=\"true\" aria-invalid=\"false\" value=\"\" type=\"text\" name=\"nom\" \/><\/span><\/li>\n\t<li><label for=''>Ton adresse email <em class=\"cf7s-reqd\">*<\/em> <\/label><span class=\"wpcf7-form-control-wrap\" data-name=\"email-fr\"><input size=\"40\" maxlength=\"400\" class=\"wpcf7-form-control wpcf7-email wpcf7-validates-as-required wpcf7-text wpcf7-validates-as-email\" aria-required=\"true\" aria-invalid=\"false\" value=\"\" type=\"email\" name=\"email-fr\" \/><\/span><\/li>\n\t<li><label for=''>Ton num\u00e9ro de t\u00e9l\u00e9phone <em class=\"cf7s-reqd\">*<\/em> <\/label><span class=\"wpcf7-form-control-wrap\" data-name=\"tel-fr\"><input size=\"40\" maxlength=\"400\" class=\"wpcf7-form-control wpcf7-tel wpcf7-validates-as-required wpcf7-text wpcf7-validates-as-tel\" aria-required=\"true\" aria-invalid=\"false\" value=\"\" type=\"tel\" name=\"tel-fr\" \/><\/span><\/li>\n<\/ol>\n<ol>\n\t<li><label for='nombre-clients'>Nombre de clients <em class=\"cf7s-reqd\">*<\/em> <\/label><span class=\"wpcf7-form-control-wrap\" data-name=\"nombre-clients\"><input class=\"wpcf7-form-control wpcf7-number wpcf7-validates-as-required wpcf7-validates-as-number\" min=\"1\" max=\"4\" aria-required=\"true\" aria-invalid=\"false\" value=\"2\" type=\"number\" name=\"nombre-clients\" \/><\/span><\/li>\n\t<li><label for=''>Jour d&#039;arriv\u00e9e <em class=\"cf7s-reqd\">*<\/em> <\/label><span class=\"wpcf7-form-control-wrap\" data-name=\"jour-arrivee\"><input size=\"40\" maxlength=\"400\" class=\"wpcf7-form-control wpcf7-text wpcf7-validates-as-required walcf7-datepicker\" aria-required=\"true\" aria-invalid=\"false\" value=\"\" type=\"text\" name=\"jour-arrivee\" \/><\/span><\/li>\n\t<li><label for=''>Jour de d\u00e9part <em class=\"cf7s-reqd\">*<\/em> <\/label><span class=\"wpcf7-form-control-wrap\" data-name=\"joiur-depart\"><input size=\"40\" maxlength=\"400\" class=\"wpcf7-form-control wpcf7-text wpcf7-validates-as-required walcf7-datepicker\" aria-required=\"true\" aria-invalid=\"false\" value=\"\" type=\"text\" name=\"joiur-depart\" \/><\/span><\/li>\n<\/ol>\n<ol>\n\t<li><label for=''>Choisie le type de chambre <em class=\"cf7s-reqd\">*<\/em> <\/label><span class=\"wpcf7-form-control-wrap\" data-name=\"tipo-camera-fr\"><select class=\"wpcf7-form-control wpcf7-select wpcf7-validates-as-required\" aria-required=\"true\" aria-invalid=\"false\" name=\"tipo-camera-fr\"><option value=\"Standard\" selected=\"selected\">Standard<\/option><option value=\"Sup\u00e9rior\">Sup\u00e9rior<\/option><option value=\"Chalet\">Chalet<\/option><option value=\"Chalet Junior Suite\">Chalet Junior Suite<\/option><\/select><\/span><\/li>\n\t<li><label for=''>Choisie l&#039;option d&#039;h\u00e9bergement <em class=\"cf7s-reqd\">*<\/em> <\/label><span class=\"wpcf7-form-control-wrap\" data-name=\"tipo-pensione-fr\"><select class=\"wpcf7-form-control wpcf7-select wpcf7-validates-as-required\" aria-required=\"true\" aria-invalid=\"false\" name=\"tipo-pensione-fr\"><option value=\"Pension compl\u00e8te\" selected=\"selected\">Pension compl\u00e8te<\/option><option value=\"Demi-pension\">Demi-pension<\/option><option value=\"Petit d\u00e9jeuner seulement\">Petit d\u00e9jeuner seulement<\/option><\/select><\/span><\/li>\n\t<li><label for=''>Petit lit pour enfant <\/label><span class=\"wpcf7-form-control-wrap\" data-name=\"petit-lit\"><select class=\"wpcf7-form-control wpcf7-select\" aria-invalid=\"false\" name=\"petit-lit\"><option value=\"Oui\">Oui<\/option><option value=\"Non\" selected=\"selected\">Non<\/option><\/select><\/span><\/li>\n<\/ol>\n<ol>\n\t<li><label for=''>Tu as des questions ou demandes \u00e0 faire ? <\/label><span class=\"wpcf7-form-control-wrap\" data-name=\"textarea-fr\"><textarea cols=\"40\" rows=\"10\" maxlength=\"2000\" class=\"wpcf7-form-control wpcf7-textarea\" aria-invalid=\"false\" name=\"textarea-fr\"><\/textarea><\/span><\/li>\n<\/ol>\n<ol>\n\t<li><label for=''> <\/label><span class=\"wpcf7-form-control-wrap\" data-name=\"acceptance-fr\"><span class=\"wpcf7-form-control wpcf7-acceptance\"><span class=\"wpcf7-list-item\"><label><input type=\"checkbox\" name=\"acceptance-fr\" value=\"1\" aria-invalid=\"false\" \/><span class=\"wpcf7-list-item-label\">Je d\u00e9clare avoir lu et accept\u00e9 la <u><a href=\"https:\/\/albergosancarlo.com\/privacy-policy\/\" target=\"_blank\">privacy policy<\/a><\/u> (*)<\/label><\/span><\/label><\/span><\/span><\/span><\/li>\n\t<li><label for=''> <\/label><span class=\"wpcf7-form-control-wrap\" data-name=\"terms-conditions-fr\"><span class=\"wpcf7-form-control wpcf7-acceptance\"><span class=\"wpcf7-list-item\"><label><input type=\"checkbox\" name=\"terms-conditions-fr\" value=\"1\" aria-invalid=\"false\" \/><span class=\"wpcf7-list-item-label\">Je d\u00e9clare avoir lu et accept\u00e9 les <u><a href=\"https:\/\/albergosancarlo.com\/fr\/termes-et-conditions\/\" target=\"_blank\">terms et conditions<\/a><\/u> (*)<\/label><\/span><\/label><\/span><\/span><\/span><\/li>\n\t<li><label for=''> <\/label><span class=\"wpcf7-form-control-wrap\" data-name=\"newsletter-fr\"><span class=\"wpcf7-form-control wpcf7-checkbox\"><span class=\"wpcf7-list-item first last\"><input type=\"checkbox\" name=\"newsletter-fr[]\" value=\"Inscrivez-moi \u00e0 la newsletter pour me tenir inform\u00e9 des activit\u00e9s de l&#039;h\u00f4tel\" \/><span class=\"wpcf7-list-item-label\">Inscrivez-moi \u00e0 la newsletter pour me tenir inform\u00e9 des activit\u00e9s de l&#039;h\u00f4tel<\/span><\/span><\/span><\/span><\/li>\n<\/ol>\n<p>\n\t* Demand\u00e9\n<\/p>\n<input class=\"wpcf7-form-control wpcf7-submit has-spinner\" type=\"submit\" value=\"Envoie\" \/><p style=\"display: none !important;\" class=\"akismet-fields-container\" data-prefix=\"_wpcf7_ak_\"><label>&#916;<textarea name=\"_wpcf7_ak_hp_textarea\" cols=\"45\" rows=\"8\" maxlength=\"100\"><\/textarea><\/label><input type=\"hidden\" id=\"ak_js_1\" name=\"_wpcf7_ak_js\" value=\"160\"\/><script>document.getElementById( \"ak_js_1\" ).setAttribute( \"value\", ( new Date() ).getTime() );<\/script><\/p><div class=\"wpcf7-response-output\" aria-hidden=\"true\"><\/div>\n<\/form>\n<\/div>\n<\/div>\n\t\t\t\t\t\t<\/div>\n\t\t\t\t<\/div>\n\t\t\t\t\t<\/div>\n\t\t<\/div>\n\t\t\t\t\t<\/div>\n\t\t<\/section>\n\t\t\t\t<\/div>\n\t\t","protected":false},"excerpt":{"rendered":"<p>\u00c9crivez-nous et nous vous r\u00e9pondrons dans les plus brefs d\u00e9lais.<\/p>\n","protected":false},"author":1,"featured_media":0,"parent":0,"menu_order":0,"comment_status":"closed","ping_status":"closed","template":"","meta":{"footnotes":""},"class_list":["post-2620","page","type-page","status-publish","hentry"],"yoast_head":"<!-- This site is optimized with the Yoast SEO plugin v27.4 - https:\/\/yoast.com\/product\/yoast-seo-wordpress\/ -->\n<title>Demande un devis - Albergo San Carlo<\/title>\n<meta name=\"robots\" content=\"index, follow, max-snippet:-1, max-image-preview:large, max-video-preview:-1\" \/>\n<link rel=\"canonical\" href=\"https:\/\/albergosancarlo.com\/fr\/demande-un-devis\/\" \/>\n<meta property=\"og:locale\" content=\"fr_FR\" \/>\n<meta property=\"og:type\" content=\"article\" \/>\n<meta property=\"og:title\" content=\"Demande un devis - Albergo San Carlo\" \/>\n<meta property=\"og:description\" content=\"\u00c9crivez-nous et nous vous r\u00e9pondrons dans les plus brefs d\u00e9lais.\" \/>\n<meta property=\"og:url\" content=\"https:\/\/albergosancarlo.com\/fr\/demande-un-devis\/\" \/>\n<meta property=\"og:site_name\" content=\"Albergo San Carlo\" \/>\n<meta property=\"article:publisher\" content=\"https:\/\/www.facebook.com\/hotelsancarloormea\" \/>\n<meta property=\"article:modified_time\" content=\"2023-01-19T22:50:15+00:00\" \/>\n<meta name=\"twitter:card\" content=\"summary_large_image\" \/>\n<meta name=\"twitter:label1\" content=\"Dur\u00e9e de lecture estim\u00e9e\" \/>\n\t<meta name=\"twitter:data1\" content=\"1 minute\" \/>\n<script type=\"application\/ld+json\" class=\"yoast-schema-graph\">{\"@context\":\"https:\\\/\\\/schema.org\",\"@graph\":[{\"@type\":\"WebPage\",\"@id\":\"https:\\\/\\\/albergosancarlo.com\\\/fr\\\/demande-un-devis\\\/\",\"url\":\"https:\\\/\\\/albergosancarlo.com\\\/fr\\\/demande-un-devis\\\/\",\"name\":\"Demande un devis - Albergo San Carlo\",\"isPartOf\":{\"@id\":\"https:\\\/\\\/albergosancarlo.com\\\/#website\"},\"datePublished\":\"2021-07-02T09:48:31+00:00\",\"dateModified\":\"2023-01-19T22:50:15+00:00\",\"breadcrumb\":{\"@id\":\"https:\\\/\\\/albergosancarlo.com\\\/fr\\\/demande-un-devis\\\/#breadcrumb\"},\"inLanguage\":\"fr-FR\",\"potentialAction\":[{\"@type\":\"ReadAction\",\"target\":[\"https:\\\/\\\/albergosancarlo.com\\\/fr\\\/demande-un-devis\\\/\"]}]},{\"@type\":\"BreadcrumbList\",\"@id\":\"https:\\\/\\\/albergosancarlo.com\\\/fr\\\/demande-un-devis\\\/#breadcrumb\",\"itemListElement\":[{\"@type\":\"ListItem\",\"position\":1,\"name\":\"Home\",\"item\":\"https:\\\/\\\/albergosancarlo.com\\\/\"},{\"@type\":\"ListItem\",\"position\":2,\"name\":\"Demande un devis\"}]},{\"@type\":\"WebSite\",\"@id\":\"https:\\\/\\\/albergosancarlo.com\\\/#website\",\"url\":\"https:\\\/\\\/albergosancarlo.com\\\/\",\"name\":\"Albergo San Carlo\",\"description\":\"Hotel Bar Ristorante Ormea\",\"publisher\":{\"@id\":\"https:\\\/\\\/albergosancarlo.com\\\/#organization\"},\"potentialAction\":[{\"@type\":\"SearchAction\",\"target\":{\"@type\":\"EntryPoint\",\"urlTemplate\":\"https:\\\/\\\/albergosancarlo.com\\\/?s={search_term_string}\"},\"query-input\":{\"@type\":\"PropertyValueSpecification\",\"valueRequired\":true,\"valueName\":\"search_term_string\"}}],\"inLanguage\":\"fr-FR\"},{\"@type\":\"Organization\",\"@id\":\"https:\\\/\\\/albergosancarlo.com\\\/#organization\",\"name\":\"Albergo San Carlo\",\"url\":\"https:\\\/\\\/albergosancarlo.com\\\/\",\"logo\":{\"@type\":\"ImageObject\",\"inLanguage\":\"fr-FR\",\"@id\":\"https:\\\/\\\/albergosancarlo.com\\\/#\\\/schema\\\/logo\\\/image\\\/\",\"url\":\"https:\\\/\\\/albergosancarlo.com\\\/wp\\\/wp-content\\\/uploads\\\/2025\\\/05\\\/logo-san-carlo-135.png\",\"contentUrl\":\"https:\\\/\\\/albergosancarlo.com\\\/wp\\\/wp-content\\\/uploads\\\/2025\\\/05\\\/logo-san-carlo-135.png\",\"width\":160,\"height\":135,\"caption\":\"Albergo San Carlo\"},\"image\":{\"@id\":\"https:\\\/\\\/albergosancarlo.com\\\/#\\\/schema\\\/logo\\\/image\\\/\"},\"sameAs\":[\"https:\\\/\\\/www.facebook.com\\\/hotelsancarloormea\"]}]}<\/script>\n<!-- \/ Yoast SEO plugin. -->","yoast_head_json":{"title":"Demande un devis - Albergo San Carlo","robots":{"index":"index","follow":"follow","max-snippet":"max-snippet:-1","max-image-preview":"max-image-preview:large","max-video-preview":"max-video-preview:-1"},"canonical":"https:\/\/albergosancarlo.com\/fr\/demande-un-devis\/","og_locale":"fr_FR","og_type":"article","og_title":"Demande un devis - Albergo San Carlo","og_description":"\u00c9crivez-nous et nous vous r\u00e9pondrons dans les plus brefs d\u00e9lais.","og_url":"https:\/\/albergosancarlo.com\/fr\/demande-un-devis\/","og_site_name":"Albergo San Carlo","article_publisher":"https:\/\/www.facebook.com\/hotelsancarloormea","article_modified_time":"2023-01-19T22:50:15+00:00","twitter_card":"summary_large_image","twitter_misc":{"Dur\u00e9e de lecture estim\u00e9e":"1 minute"},"schema":{"@context":"https:\/\/schema.org","@graph":[{"@type":"WebPage","@id":"https:\/\/albergosancarlo.com\/fr\/demande-un-devis\/","url":"https:\/\/albergosancarlo.com\/fr\/demande-un-devis\/","name":"Demande un devis - Albergo San Carlo","isPartOf":{"@id":"https:\/\/albergosancarlo.com\/#website"},"datePublished":"2021-07-02T09:48:31+00:00","dateModified":"2023-01-19T22:50:15+00:00","breadcrumb":{"@id":"https:\/\/albergosancarlo.com\/fr\/demande-un-devis\/#breadcrumb"},"inLanguage":"fr-FR","potentialAction":[{"@type":"ReadAction","target":["https:\/\/albergosancarlo.com\/fr\/demande-un-devis\/"]}]},{"@type":"BreadcrumbList","@id":"https:\/\/albergosancarlo.com\/fr\/demande-un-devis\/#breadcrumb","itemListElement":[{"@type":"ListItem","position":1,"name":"Home","item":"https:\/\/albergosancarlo.com\/"},{"@type":"ListItem","position":2,"name":"Demande un devis"}]},{"@type":"WebSite","@id":"https:\/\/albergosancarlo.com\/#website","url":"https:\/\/albergosancarlo.com\/","name":"Albergo San Carlo","description":"Hotel Bar Ristorante Ormea","publisher":{"@id":"https:\/\/albergosancarlo.com\/#organization"},"potentialAction":[{"@type":"SearchAction","target":{"@type":"EntryPoint","urlTemplate":"https:\/\/albergosancarlo.com\/?s={search_term_string}"},"query-input":{"@type":"PropertyValueSpecification","valueRequired":true,"valueName":"search_term_string"}}],"inLanguage":"fr-FR"},{"@type":"Organization","@id":"https:\/\/albergosancarlo.com\/#organization","name":"Albergo San Carlo","url":"https:\/\/albergosancarlo.com\/","logo":{"@type":"ImageObject","inLanguage":"fr-FR","@id":"https:\/\/albergosancarlo.com\/#\/schema\/logo\/image\/","url":"https:\/\/albergosancarlo.com\/wp\/wp-content\/uploads\/2025\/05\/logo-san-carlo-135.png","contentUrl":"https:\/\/albergosancarlo.com\/wp\/wp-content\/uploads\/2025\/05\/logo-san-carlo-135.png","width":160,"height":135,"caption":"Albergo San Carlo"},"image":{"@id":"https:\/\/albergosancarlo.com\/#\/schema\/logo\/image\/"},"sameAs":["https:\/\/www.facebook.com\/hotelsancarloormea"]}]}},"_links":{"self":[{"href":"https:\/\/albergosancarlo.com\/fr\/wp-json\/wp\/v2\/pages\/2620","targetHints":{"allow":["GET"]}}],"collection":[{"href":"https:\/\/albergosancarlo.com\/fr\/wp-json\/wp\/v2\/pages"}],"about":[{"href":"https:\/\/albergosancarlo.com\/fr\/wp-json\/wp\/v2\/types\/page"}],"author":[{"embeddable":true,"href":"https:\/\/albergosancarlo.com\/fr\/wp-json\/wp\/v2\/users\/1"}],"replies":[{"embeddable":true,"href":"https:\/\/albergosancarlo.com\/fr\/wp-json\/wp\/v2\/comments?post=2620"}],"version-history":[{"count":0,"href":"https:\/\/albergosancarlo.com\/fr\/wp-json\/wp\/v2\/pages\/2620\/revisions"}],"wp:attachment":[{"href":"https:\/\/albergosancarlo.com\/fr\/wp-json\/wp\/v2\/media?parent=2620"}],"curies":[{"name":"wp","href":"https:\/\/api.w.org\/{rel}","templated":true}]}}