{"id":6018,"date":"2025-05-26T16:45:46","date_gmt":"2025-05-26T16:45:46","guid":{"rendered":"https:\/\/albergosancarlo.com\/prodotto\/menu-typique-de-restaurant\/"},"modified":"2025-05-28T15:11:32","modified_gmt":"2025-05-28T15:11:32","slug":"menu-typique-de-restaurant","status":"publish","type":"product","link":"https:\/\/albergosancarlo.com\/fr\/prodotto\/menu-typique-de-restaurant\/","title":{"rendered":"Menu typique de restaurant"},"content":{"rendered":"<p>Le ch\u00e8que-cadeau est valable pour une personne. Comprend un <strong>m<\/strong><span class=\"kma42e\"><strong>enu \u00e0 la carte comprenant les entr\u00e9es, le plat principal, le dessert, l&rsquo;eau, le caf\u00e9<\/strong>. Vini esclusi. Vins non compris. <\/span><\/p>\n","protected":false},"excerpt":{"rendered":"<p>Le ch\u00e8que-cadeau est valable pour une personne. Comprend un <strong>m<\/strong><span class=\"kma42e\"><strong>enu \u00e0 la carte comprenant les entr\u00e9es, le plat principal, le dessert, l&rsquo;eau, le caf\u00e9<\/strong>. Vini esclusi. Vins non compris. <\/span><\/p>\n","protected":false},"featured_media":5758,"template":"","meta":[],"product_brand":[],"product_cat":[],"product_tag":[],"class_list":{"0":"post-6018","1":"product","2":"type-product","3":"status-publish","4":"has-post-thumbnail","7":"first","8":"instock","9":"sold-individually","10":"shipping-taxable","11":"purchasable","12":"product-type-wgm_gift_card"},"yoast_head":"<!-- This site is optimized with the Yoast SEO plugin v27.5 - https:\/\/yoast.com\/product\/yoast-seo-wordpress\/ -->\n<title>Menu typique de restaurant - Albergo San Carlo<\/title>\n<meta name=\"description\" content=\"Le ch\u00e8que-cadeau est valable pour une personne. Comprend un menu \u00e0 la carte avec entr\u00e9es, plat principal, dessert, eau, caf\u00e9, vins exclus.\" \/>\n<meta name=\"robots\" content=\"index, follow, max-snippet:-1, max-image-preview:large, max-video-preview:-1\" \/>\n<link rel=\"canonical\" href=\"https:\/\/albergosancarlo.com\/fr\/prodotto\/menu-typique-de-restaurant\/\" \/>\n<meta property=\"og:locale\" content=\"fr_FR\" \/>\n<meta property=\"og:type\" content=\"article\" \/>\n<meta property=\"og:title\" content=\"Menu typique de restaurant - Albergo San Carlo\" \/>\n<meta property=\"og:description\" content=\"Le ch\u00e8que-cadeau est valable pour une personne. Comprend un menu \u00e0 la carte avec entr\u00e9es, plat principal, dessert, eau, caf\u00e9, vins exclus.\" \/>\n<meta property=\"og:url\" content=\"https:\/\/albergosancarlo.com\/fr\/prodotto\/menu-typique-de-restaurant\/\" \/>\n<meta property=\"og:site_name\" content=\"Albergo San Carlo\" \/>\n<meta property=\"article:publisher\" content=\"https:\/\/www.facebook.com\/hotelsancarloormea\" \/>\n<meta property=\"article:modified_time\" content=\"2025-05-28T15:11:32+00:00\" \/>\n<meta property=\"og:image\" content=\"https:\/\/albergosancarlo.com\/wp\/wp-content\/uploads\/2025\/04\/ristorante.jpg\" \/>\n\t<meta property=\"og:image:width\" content=\"1080\" \/>\n\t<meta property=\"og:image:height\" content=\"1080\" \/>\n\t<meta property=\"og:image:type\" content=\"image\/jpeg\" \/>\n<meta name=\"twitter:card\" content=\"summary_large_image\" \/>\n<meta name=\"twitter:label1\" content=\"Dur\u00e9e de lecture estim\u00e9e\" \/>\n\t<meta name=\"twitter:data1\" content=\"1 minute\" \/>\n<script type=\"application\/ld+json\" class=\"yoast-schema-graph\">{\"@context\":\"https:\\\/\\\/schema.org\",\"@graph\":[{\"@type\":\"WebPage\",\"@id\":\"https:\\\/\\\/albergosancarlo.com\\\/fr\\\/prodotto\\\/menu-typique-de-restaurant\\\/\",\"url\":\"https:\\\/\\\/albergosancarlo.com\\\/fr\\\/prodotto\\\/menu-typique-de-restaurant\\\/\",\"name\":\"Menu typique de restaurant - Albergo San Carlo\",\"isPartOf\":{\"@id\":\"https:\\\/\\\/albergosancarlo.com\\\/#website\"},\"primaryImageOfPage\":{\"@id\":\"https:\\\/\\\/albergosancarlo.com\\\/fr\\\/prodotto\\\/menu-typique-de-restaurant\\\/#primaryimage\"},\"image\":{\"@id\":\"https:\\\/\\\/albergosancarlo.com\\\/fr\\\/prodotto\\\/menu-typique-de-restaurant\\\/#primaryimage\"},\"thumbnailUrl\":\"https:\\\/\\\/albergosancarlo.com\\\/wp\\\/wp-content\\\/uploads\\\/2025\\\/04\\\/ristorante.jpg\",\"datePublished\":\"2025-05-26T16:45:46+00:00\",\"dateModified\":\"2025-05-28T15:11:32+00:00\",\"description\":\"Le ch\u00e8que-cadeau est valable pour une personne. Comprend un menu \u00e0 la carte avec entr\u00e9es, plat principal, dessert, eau, caf\u00e9, vins exclus.\",\"breadcrumb\":{\"@id\":\"https:\\\/\\\/albergosancarlo.com\\\/fr\\\/prodotto\\\/menu-typique-de-restaurant\\\/#breadcrumb\"},\"inLanguage\":\"fr-FR\",\"potentialAction\":[{\"@type\":\"ReadAction\",\"target\":[\"https:\\\/\\\/albergosancarlo.com\\\/fr\\\/prodotto\\\/menu-typique-de-restaurant\\\/\"]}]},{\"@type\":\"ImageObject\",\"inLanguage\":\"fr-FR\",\"@id\":\"https:\\\/\\\/albergosancarlo.com\\\/fr\\\/prodotto\\\/menu-typique-de-restaurant\\\/#primaryimage\",\"url\":\"https:\\\/\\\/albergosancarlo.com\\\/wp\\\/wp-content\\\/uploads\\\/2025\\\/04\\\/ristorante.jpg\",\"contentUrl\":\"https:\\\/\\\/albergosancarlo.com\\\/wp\\\/wp-content\\\/uploads\\\/2025\\\/04\\\/ristorante.jpg\",\"width\":1080,\"height\":1080},{\"@type\":\"BreadcrumbList\",\"@id\":\"https:\\\/\\\/albergosancarlo.com\\\/fr\\\/prodotto\\\/menu-typique-de-restaurant\\\/#breadcrumb\",\"itemListElement\":[{\"@type\":\"ListItem\",\"position\":1,\"name\":\"Home\",\"item\":\"https:\\\/\\\/albergosancarlo.com\\\/\"},{\"@type\":\"ListItem\",\"position\":2,\"name\":\"Prodotti\",\"item\":\"https:\\\/\\\/albergosancarlo.com\\\/shop\\\/\"},{\"@type\":\"ListItem\",\"position\":3,\"name\":\"Menu typique de restaurant\"}]},{\"@type\":\"WebSite\",\"@id\":\"https:\\\/\\\/albergosancarlo.com\\\/#website\",\"url\":\"https:\\\/\\\/albergosancarlo.com\\\/\",\"name\":\"Albergo San Carlo\",\"description\":\"Hotel Bar Ristorante Ormea\",\"publisher\":{\"@id\":\"https:\\\/\\\/albergosancarlo.com\\\/#organization\"},\"potentialAction\":[{\"@type\":\"SearchAction\",\"target\":{\"@type\":\"EntryPoint\",\"urlTemplate\":\"https:\\\/\\\/albergosancarlo.com\\\/?s={search_term_string}\"},\"query-input\":{\"@type\":\"PropertyValueSpecification\",\"valueRequired\":true,\"valueName\":\"search_term_string\"}}],\"inLanguage\":\"fr-FR\"},{\"@type\":\"Organization\",\"@id\":\"https:\\\/\\\/albergosancarlo.com\\\/#organization\",\"name\":\"Albergo San Carlo\",\"url\":\"https:\\\/\\\/albergosancarlo.com\\\/\",\"logo\":{\"@type\":\"ImageObject\",\"inLanguage\":\"fr-FR\",\"@id\":\"https:\\\/\\\/albergosancarlo.com\\\/#\\\/schema\\\/logo\\\/image\\\/\",\"url\":\"https:\\\/\\\/albergosancarlo.com\\\/wp\\\/wp-content\\\/uploads\\\/2025\\\/05\\\/logo-san-carlo-135.png\",\"contentUrl\":\"https:\\\/\\\/albergosancarlo.com\\\/wp\\\/wp-content\\\/uploads\\\/2025\\\/05\\\/logo-san-carlo-135.png\",\"width\":160,\"height\":135,\"caption\":\"Albergo San Carlo\"},\"image\":{\"@id\":\"https:\\\/\\\/albergosancarlo.com\\\/#\\\/schema\\\/logo\\\/image\\\/\"},\"sameAs\":[\"https:\\\/\\\/www.facebook.com\\\/hotelsancarloormea\"]}]}<\/script>\n<!-- \/ Yoast SEO plugin. -->","yoast_head_json":{"title":"Menu typique de restaurant - Albergo San Carlo","description":"Le ch\u00e8que-cadeau est valable pour une personne. Comprend un menu \u00e0 la carte avec entr\u00e9es, plat principal, dessert, eau, caf\u00e9, vins exclus.","robots":{"index":"index","follow":"follow","max-snippet":"max-snippet:-1","max-image-preview":"max-image-preview:large","max-video-preview":"max-video-preview:-1"},"canonical":"https:\/\/albergosancarlo.com\/fr\/prodotto\/menu-typique-de-restaurant\/","og_locale":"fr_FR","og_type":"article","og_title":"Menu typique de restaurant - Albergo San Carlo","og_description":"Le ch\u00e8que-cadeau est valable pour une personne. Comprend un menu \u00e0 la carte avec entr\u00e9es, plat principal, dessert, eau, caf\u00e9, vins exclus.","og_url":"https:\/\/albergosancarlo.com\/fr\/prodotto\/menu-typique-de-restaurant\/","og_site_name":"Albergo San Carlo","article_publisher":"https:\/\/www.facebook.com\/hotelsancarloormea","article_modified_time":"2025-05-28T15:11:32+00:00","og_image":[{"width":1080,"height":1080,"url":"https:\/\/albergosancarlo.com\/wp\/wp-content\/uploads\/2025\/04\/ristorante.jpg","type":"image\/jpeg"}],"twitter_card":"summary_large_image","twitter_misc":{"Dur\u00e9e de lecture estim\u00e9e":"1 minute"},"schema":{"@context":"https:\/\/schema.org","@graph":[{"@type":"WebPage","@id":"https:\/\/albergosancarlo.com\/fr\/prodotto\/menu-typique-de-restaurant\/","url":"https:\/\/albergosancarlo.com\/fr\/prodotto\/menu-typique-de-restaurant\/","name":"Menu typique de restaurant - Albergo San Carlo","isPartOf":{"@id":"https:\/\/albergosancarlo.com\/#website"},"primaryImageOfPage":{"@id":"https:\/\/albergosancarlo.com\/fr\/prodotto\/menu-typique-de-restaurant\/#primaryimage"},"image":{"@id":"https:\/\/albergosancarlo.com\/fr\/prodotto\/menu-typique-de-restaurant\/#primaryimage"},"thumbnailUrl":"https:\/\/albergosancarlo.com\/wp\/wp-content\/uploads\/2025\/04\/ristorante.jpg","datePublished":"2025-05-26T16:45:46+00:00","dateModified":"2025-05-28T15:11:32+00:00","description":"Le ch\u00e8que-cadeau est valable pour une personne. Comprend un menu \u00e0 la carte avec entr\u00e9es, plat principal, dessert, eau, caf\u00e9, vins exclus.","breadcrumb":{"@id":"https:\/\/albergosancarlo.com\/fr\/prodotto\/menu-typique-de-restaurant\/#breadcrumb"},"inLanguage":"fr-FR","potentialAction":[{"@type":"ReadAction","target":["https:\/\/albergosancarlo.com\/fr\/prodotto\/menu-typique-de-restaurant\/"]}]},{"@type":"ImageObject","inLanguage":"fr-FR","@id":"https:\/\/albergosancarlo.com\/fr\/prodotto\/menu-typique-de-restaurant\/#primaryimage","url":"https:\/\/albergosancarlo.com\/wp\/wp-content\/uploads\/2025\/04\/ristorante.jpg","contentUrl":"https:\/\/albergosancarlo.com\/wp\/wp-content\/uploads\/2025\/04\/ristorante.jpg","width":1080,"height":1080},{"@type":"BreadcrumbList","@id":"https:\/\/albergosancarlo.com\/fr\/prodotto\/menu-typique-de-restaurant\/#breadcrumb","itemListElement":[{"@type":"ListItem","position":1,"name":"Home","item":"https:\/\/albergosancarlo.com\/"},{"@type":"ListItem","position":2,"name":"Prodotti","item":"https:\/\/albergosancarlo.com\/shop\/"},{"@type":"ListItem","position":3,"name":"Menu typique de restaurant"}]},{"@type":"WebSite","@id":"https:\/\/albergosancarlo.com\/#website","url":"https:\/\/albergosancarlo.com\/","name":"Albergo San Carlo","description":"Hotel Bar Ristorante Ormea","publisher":{"@id":"https:\/\/albergosancarlo.com\/#organization"},"potentialAction":[{"@type":"SearchAction","target":{"@type":"EntryPoint","urlTemplate":"https:\/\/albergosancarlo.com\/?s={search_term_string}"},"query-input":{"@type":"PropertyValueSpecification","valueRequired":true,"valueName":"search_term_string"}}],"inLanguage":"fr-FR"},{"@type":"Organization","@id":"https:\/\/albergosancarlo.com\/#organization","name":"Albergo San Carlo","url":"https:\/\/albergosancarlo.com\/","logo":{"@type":"ImageObject","inLanguage":"fr-FR","@id":"https:\/\/albergosancarlo.com\/#\/schema\/logo\/image\/","url":"https:\/\/albergosancarlo.com\/wp\/wp-content\/uploads\/2025\/05\/logo-san-carlo-135.png","contentUrl":"https:\/\/albergosancarlo.com\/wp\/wp-content\/uploads\/2025\/05\/logo-san-carlo-135.png","width":160,"height":135,"caption":"Albergo San Carlo"},"image":{"@id":"https:\/\/albergosancarlo.com\/#\/schema\/logo\/image\/"},"sameAs":["https:\/\/www.facebook.com\/hotelsancarloormea"]}]}},"_links":{"self":[{"href":"https:\/\/albergosancarlo.com\/fr\/wp-json\/wp\/v2\/product\/6018","targetHints":{"allow":["GET"]}}],"collection":[{"href":"https:\/\/albergosancarlo.com\/fr\/wp-json\/wp\/v2\/product"}],"about":[{"href":"https:\/\/albergosancarlo.com\/fr\/wp-json\/wp\/v2\/types\/product"}],"wp:featuredmedia":[{"embeddable":true,"href":"https:\/\/albergosancarlo.com\/fr\/wp-json\/wp\/v2\/media\/5758"}],"wp:attachment":[{"href":"https:\/\/albergosancarlo.com\/fr\/wp-json\/wp\/v2\/media?parent=6018"}],"wp:term":[{"taxonomy":"product_brand","embeddable":true,"href":"https:\/\/albergosancarlo.com\/fr\/wp-json\/wp\/v2\/product_brand?post=6018"},{"taxonomy":"product_cat","embeddable":true,"href":"https:\/\/albergosancarlo.com\/fr\/wp-json\/wp\/v2\/product_cat?post=6018"},{"taxonomy":"product_tag","embeddable":true,"href":"https:\/\/albergosancarlo.com\/fr\/wp-json\/wp\/v2\/product_tag?post=6018"}],"curies":[{"name":"wp","href":"https:\/\/api.w.org\/{rel}","templated":true}]}}