{"id":6221,"date":"2025-07-06T07:16:47","date_gmt":"2025-07-06T07:16:47","guid":{"rendered":"https:\/\/albergosancarlo.com\/prodotto\/zona-rouge\/"},"modified":"2025-11-19T09:51:45","modified_gmt":"2025-11-19T09:51:45","slug":"zone-rouge","status":"publish","type":"product","link":"https:\/\/albergosancarlo.com\/fr\/prodotto\/zone-rouge\/","title":{"rendered":"Zona Rouge"},"content":{"rendered":"<p>Ce ch\u00e8que <strong>valable<\/strong> <span class=\"kma42e\"><strong>pour une personne<\/strong> et comprend<\/span> <strong data-start=\"412\" data-end=\"452\">une journ\u00e9e de p\u00eache \u00e0 la mouche dans la zone rouge no-kill<\/strong> de notre r\u00e9serve.<\/p>\n<p><strong data-start=\"573\" data-end=\"593\">Le ch\u00e8que comprend<\/strong>:<\/p>\n<ul>\n<li>1 Permis journalier zone rouge no-kill.<\/li>\n<\/ul>\n","protected":false},"excerpt":{"rendered":"<p>Ce ch\u00e8que <strong>valable<\/strong> <span class=\"kma42e\"><strong>pour une personne<\/strong> et comprend<\/span> <strong data-start=\"412\" data-end=\"452\">une journ\u00e9e de p\u00eache \u00e0 la mouche dans la zone rouge no-kill<\/strong> de notre r\u00e9serve.<\/p>\n<p><strong data-start=\"573\" data-end=\"593\">Le ch\u00e8que comprend<\/strong>:<\/p>\n<ul>\n<li>1 Permis journalier zone rouge no-kill.<\/li>\n<\/ul>\n","protected":false},"featured_media":6187,"template":"","meta":[],"product_brand":[],"product_cat":[136,17],"product_tag":[],"class_list":{"0":"post-6221","1":"product","2":"type-product","3":"status-publish","4":"has-post-thumbnail","6":"product_cat-cheque-cadeau","7":"product_cat-senza-categoria","9":"first","10":"instock","11":"sold-individually","12":"shipping-taxable","13":"purchasable","14":"product-type-wgm_gift_card"},"yoast_head":"<!-- This site is optimized with the Yoast SEO plugin v27.5 - https:\/\/yoast.com\/product\/yoast-seo-wordpress\/ -->\n<title>Ch\u00e8que-cadeau Zona Rouge - Albergo San Carlo<\/title>\n<meta name=\"description\" content=\"Ch\u00e8que cadeau valable pour une personne, comprenant une journ\u00e9e de p\u00eache \u00e0 la mouche dans la zone rouge no-kill de notre r\u00e9serve de p\u00eache \u00e0 la mouche.\" \/>\n<meta name=\"robots\" content=\"index, follow, max-snippet:-1, max-image-preview:large, max-video-preview:-1\" \/>\n<link rel=\"canonical\" href=\"https:\/\/albergosancarlo.com\/fr\/prodotto\/zone-rouge\/\" \/>\n<meta property=\"og:locale\" content=\"fr_FR\" \/>\n<meta property=\"og:type\" content=\"article\" \/>\n<meta property=\"og:title\" content=\"Ch\u00e8que-cadeau Zona Rouge - Albergo San Carlo\" \/>\n<meta property=\"og:description\" content=\"Ch\u00e8que cadeau valable pour une personne, comprenant une journ\u00e9e de p\u00eache \u00e0 la mouche dans la zone rouge no-kill de notre r\u00e9serve de p\u00eache \u00e0 la mouche.\" \/>\n<meta property=\"og:url\" content=\"https:\/\/albergosancarlo.com\/fr\/prodotto\/zone-rouge\/\" \/>\n<meta property=\"og:site_name\" content=\"Albergo San Carlo\" \/>\n<meta property=\"article:publisher\" content=\"https:\/\/www.facebook.com\/hotelsancarloormea\" \/>\n<meta property=\"article:modified_time\" content=\"2025-11-19T09:51:45+00:00\" \/>\n<meta property=\"og:image\" content=\"https:\/\/albergosancarlo.com\/wp\/wp-content\/uploads\/2025\/06\/turipesca_san_carlo_zona_blu.jpeg\" \/>\n\t<meta property=\"og:image:width\" content=\"1280\" \/>\n\t<meta property=\"og:image:height\" content=\"1280\" \/>\n\t<meta property=\"og:image:type\" content=\"image\/jpeg\" \/>\n<meta name=\"twitter:card\" content=\"summary_large_image\" \/>\n<meta name=\"twitter:label1\" content=\"Dur\u00e9e de lecture estim\u00e9e\" \/>\n\t<meta name=\"twitter:data1\" content=\"1 minute\" \/>\n<script type=\"application\/ld+json\" class=\"yoast-schema-graph\">{\"@context\":\"https:\\\/\\\/schema.org\",\"@graph\":[{\"@type\":\"WebPage\",\"@id\":\"https:\\\/\\\/albergosancarlo.com\\\/fr\\\/prodotto\\\/zone-rouge\\\/\",\"url\":\"https:\\\/\\\/albergosancarlo.com\\\/fr\\\/prodotto\\\/zone-rouge\\\/\",\"name\":\"Ch\u00e8que-cadeau Zona Rouge - Albergo San Carlo\",\"isPartOf\":{\"@id\":\"https:\\\/\\\/albergosancarlo.com\\\/#website\"},\"primaryImageOfPage\":{\"@id\":\"https:\\\/\\\/albergosancarlo.com\\\/fr\\\/prodotto\\\/zone-rouge\\\/#primaryimage\"},\"image\":{\"@id\":\"https:\\\/\\\/albergosancarlo.com\\\/fr\\\/prodotto\\\/zone-rouge\\\/#primaryimage\"},\"thumbnailUrl\":\"https:\\\/\\\/albergosancarlo.com\\\/wp\\\/wp-content\\\/uploads\\\/2025\\\/06\\\/turipesca_san_carlo_zona_blu.jpeg\",\"datePublished\":\"2025-07-06T07:16:47+00:00\",\"dateModified\":\"2025-11-19T09:51:45+00:00\",\"description\":\"Ch\u00e8que cadeau valable pour une personne, comprenant une journ\u00e9e de p\u00eache \u00e0 la mouche dans la zone rouge no-kill de notre r\u00e9serve de p\u00eache \u00e0 la mouche.\",\"breadcrumb\":{\"@id\":\"https:\\\/\\\/albergosancarlo.com\\\/fr\\\/prodotto\\\/zone-rouge\\\/#breadcrumb\"},\"inLanguage\":\"fr-FR\",\"potentialAction\":[{\"@type\":\"ReadAction\",\"target\":[\"https:\\\/\\\/albergosancarlo.com\\\/fr\\\/prodotto\\\/zone-rouge\\\/\"]}]},{\"@type\":\"ImageObject\",\"inLanguage\":\"fr-FR\",\"@id\":\"https:\\\/\\\/albergosancarlo.com\\\/fr\\\/prodotto\\\/zone-rouge\\\/#primaryimage\",\"url\":\"https:\\\/\\\/albergosancarlo.com\\\/wp\\\/wp-content\\\/uploads\\\/2025\\\/06\\\/turipesca_san_carlo_zona_blu.jpeg\",\"contentUrl\":\"https:\\\/\\\/albergosancarlo.com\\\/wp\\\/wp-content\\\/uploads\\\/2025\\\/06\\\/turipesca_san_carlo_zona_blu.jpeg\",\"width\":1280,\"height\":1280,\"caption\":\"turipesca_san_carlo_zona_blu\"},{\"@type\":\"BreadcrumbList\",\"@id\":\"https:\\\/\\\/albergosancarlo.com\\\/fr\\\/prodotto\\\/zone-rouge\\\/#breadcrumb\",\"itemListElement\":[{\"@type\":\"ListItem\",\"position\":1,\"name\":\"Home\",\"item\":\"https:\\\/\\\/albergosancarlo.com\\\/\"},{\"@type\":\"ListItem\",\"position\":2,\"name\":\"Prodotti\",\"item\":\"https:\\\/\\\/albergosancarlo.com\\\/shop\\\/\"},{\"@type\":\"ListItem\",\"position\":3,\"name\":\"Zona Rouge\"}]},{\"@type\":\"WebSite\",\"@id\":\"https:\\\/\\\/albergosancarlo.com\\\/#website\",\"url\":\"https:\\\/\\\/albergosancarlo.com\\\/\",\"name\":\"Albergo San Carlo\",\"description\":\"Hotel Bar Ristorante Ormea\",\"publisher\":{\"@id\":\"https:\\\/\\\/albergosancarlo.com\\\/#organization\"},\"potentialAction\":[{\"@type\":\"SearchAction\",\"target\":{\"@type\":\"EntryPoint\",\"urlTemplate\":\"https:\\\/\\\/albergosancarlo.com\\\/?s={search_term_string}\"},\"query-input\":{\"@type\":\"PropertyValueSpecification\",\"valueRequired\":true,\"valueName\":\"search_term_string\"}}],\"inLanguage\":\"fr-FR\"},{\"@type\":\"Organization\",\"@id\":\"https:\\\/\\\/albergosancarlo.com\\\/#organization\",\"name\":\"Albergo San Carlo\",\"url\":\"https:\\\/\\\/albergosancarlo.com\\\/\",\"logo\":{\"@type\":\"ImageObject\",\"inLanguage\":\"fr-FR\",\"@id\":\"https:\\\/\\\/albergosancarlo.com\\\/#\\\/schema\\\/logo\\\/image\\\/\",\"url\":\"https:\\\/\\\/albergosancarlo.com\\\/wp\\\/wp-content\\\/uploads\\\/2025\\\/05\\\/logo-san-carlo-135.png\",\"contentUrl\":\"https:\\\/\\\/albergosancarlo.com\\\/wp\\\/wp-content\\\/uploads\\\/2025\\\/05\\\/logo-san-carlo-135.png\",\"width\":160,\"height\":135,\"caption\":\"Albergo San Carlo\"},\"image\":{\"@id\":\"https:\\\/\\\/albergosancarlo.com\\\/#\\\/schema\\\/logo\\\/image\\\/\"},\"sameAs\":[\"https:\\\/\\\/www.facebook.com\\\/hotelsancarloormea\"]}]}<\/script>\n<!-- \/ Yoast SEO plugin. -->","yoast_head_json":{"title":"Ch\u00e8que-cadeau Zona Rouge - Albergo San Carlo","description":"Ch\u00e8que cadeau valable pour une personne, comprenant une journ\u00e9e de p\u00eache \u00e0 la mouche dans la zone rouge no-kill de notre r\u00e9serve de p\u00eache \u00e0 la mouche.","robots":{"index":"index","follow":"follow","max-snippet":"max-snippet:-1","max-image-preview":"max-image-preview:large","max-video-preview":"max-video-preview:-1"},"canonical":"https:\/\/albergosancarlo.com\/fr\/prodotto\/zone-rouge\/","og_locale":"fr_FR","og_type":"article","og_title":"Ch\u00e8que-cadeau Zona Rouge - Albergo San Carlo","og_description":"Ch\u00e8que cadeau valable pour une personne, comprenant une journ\u00e9e de p\u00eache \u00e0 la mouche dans la zone rouge no-kill de notre r\u00e9serve de p\u00eache \u00e0 la mouche.","og_url":"https:\/\/albergosancarlo.com\/fr\/prodotto\/zone-rouge\/","og_site_name":"Albergo San Carlo","article_publisher":"https:\/\/www.facebook.com\/hotelsancarloormea","article_modified_time":"2025-11-19T09:51:45+00:00","og_image":[{"width":1280,"height":1280,"url":"https:\/\/albergosancarlo.com\/wp\/wp-content\/uploads\/2025\/06\/turipesca_san_carlo_zona_blu.jpeg","type":"image\/jpeg"}],"twitter_card":"summary_large_image","twitter_misc":{"Dur\u00e9e de lecture estim\u00e9e":"1 minute"},"schema":{"@context":"https:\/\/schema.org","@graph":[{"@type":"WebPage","@id":"https:\/\/albergosancarlo.com\/fr\/prodotto\/zone-rouge\/","url":"https:\/\/albergosancarlo.com\/fr\/prodotto\/zone-rouge\/","name":"Ch\u00e8que-cadeau Zona Rouge - Albergo San Carlo","isPartOf":{"@id":"https:\/\/albergosancarlo.com\/#website"},"primaryImageOfPage":{"@id":"https:\/\/albergosancarlo.com\/fr\/prodotto\/zone-rouge\/#primaryimage"},"image":{"@id":"https:\/\/albergosancarlo.com\/fr\/prodotto\/zone-rouge\/#primaryimage"},"thumbnailUrl":"https:\/\/albergosancarlo.com\/wp\/wp-content\/uploads\/2025\/06\/turipesca_san_carlo_zona_blu.jpeg","datePublished":"2025-07-06T07:16:47+00:00","dateModified":"2025-11-19T09:51:45+00:00","description":"Ch\u00e8que cadeau valable pour une personne, comprenant une journ\u00e9e de p\u00eache \u00e0 la mouche dans la zone rouge no-kill de notre r\u00e9serve de p\u00eache \u00e0 la mouche.","breadcrumb":{"@id":"https:\/\/albergosancarlo.com\/fr\/prodotto\/zone-rouge\/#breadcrumb"},"inLanguage":"fr-FR","potentialAction":[{"@type":"ReadAction","target":["https:\/\/albergosancarlo.com\/fr\/prodotto\/zone-rouge\/"]}]},{"@type":"ImageObject","inLanguage":"fr-FR","@id":"https:\/\/albergosancarlo.com\/fr\/prodotto\/zone-rouge\/#primaryimage","url":"https:\/\/albergosancarlo.com\/wp\/wp-content\/uploads\/2025\/06\/turipesca_san_carlo_zona_blu.jpeg","contentUrl":"https:\/\/albergosancarlo.com\/wp\/wp-content\/uploads\/2025\/06\/turipesca_san_carlo_zona_blu.jpeg","width":1280,"height":1280,"caption":"turipesca_san_carlo_zona_blu"},{"@type":"BreadcrumbList","@id":"https:\/\/albergosancarlo.com\/fr\/prodotto\/zone-rouge\/#breadcrumb","itemListElement":[{"@type":"ListItem","position":1,"name":"Home","item":"https:\/\/albergosancarlo.com\/"},{"@type":"ListItem","position":2,"name":"Prodotti","item":"https:\/\/albergosancarlo.com\/shop\/"},{"@type":"ListItem","position":3,"name":"Zona Rouge"}]},{"@type":"WebSite","@id":"https:\/\/albergosancarlo.com\/#website","url":"https:\/\/albergosancarlo.com\/","name":"Albergo San Carlo","description":"Hotel Bar Ristorante Ormea","publisher":{"@id":"https:\/\/albergosancarlo.com\/#organization"},"potentialAction":[{"@type":"SearchAction","target":{"@type":"EntryPoint","urlTemplate":"https:\/\/albergosancarlo.com\/?s={search_term_string}"},"query-input":{"@type":"PropertyValueSpecification","valueRequired":true,"valueName":"search_term_string"}}],"inLanguage":"fr-FR"},{"@type":"Organization","@id":"https:\/\/albergosancarlo.com\/#organization","name":"Albergo San Carlo","url":"https:\/\/albergosancarlo.com\/","logo":{"@type":"ImageObject","inLanguage":"fr-FR","@id":"https:\/\/albergosancarlo.com\/#\/schema\/logo\/image\/","url":"https:\/\/albergosancarlo.com\/wp\/wp-content\/uploads\/2025\/05\/logo-san-carlo-135.png","contentUrl":"https:\/\/albergosancarlo.com\/wp\/wp-content\/uploads\/2025\/05\/logo-san-carlo-135.png","width":160,"height":135,"caption":"Albergo San Carlo"},"image":{"@id":"https:\/\/albergosancarlo.com\/#\/schema\/logo\/image\/"},"sameAs":["https:\/\/www.facebook.com\/hotelsancarloormea"]}]}},"_links":{"self":[{"href":"https:\/\/albergosancarlo.com\/fr\/wp-json\/wp\/v2\/product\/6221","targetHints":{"allow":["GET"]}}],"collection":[{"href":"https:\/\/albergosancarlo.com\/fr\/wp-json\/wp\/v2\/product"}],"about":[{"href":"https:\/\/albergosancarlo.com\/fr\/wp-json\/wp\/v2\/types\/product"}],"wp:featuredmedia":[{"embeddable":true,"href":"https:\/\/albergosancarlo.com\/fr\/wp-json\/wp\/v2\/media\/6187"}],"wp:attachment":[{"href":"https:\/\/albergosancarlo.com\/fr\/wp-json\/wp\/v2\/media?parent=6221"}],"wp:term":[{"taxonomy":"product_brand","embeddable":true,"href":"https:\/\/albergosancarlo.com\/fr\/wp-json\/wp\/v2\/product_brand?post=6221"},{"taxonomy":"product_cat","embeddable":true,"href":"https:\/\/albergosancarlo.com\/fr\/wp-json\/wp\/v2\/product_cat?post=6221"},{"taxonomy":"product_tag","embeddable":true,"href":"https:\/\/albergosancarlo.com\/fr\/wp-json\/wp\/v2\/product_tag?post=6221"}],"curies":[{"name":"wp","href":"https:\/\/api.w.org\/{rel}","templated":true}]}}